{"id":52,"date":"2023-01-27T17:11:35","date_gmt":"2023-01-27T17:11:35","guid":{"rendered":"https:\/\/villa-le.de\/?page_id=52"},"modified":"2023-01-27T17:27:15","modified_gmt":"2023-01-27T17:27:15","slug":"buchungskalender","status":"publish","type":"page","link":"https:\/\/villa-le.de\/?page_id=52","title":{"rendered":"Beschreibung"},"content":{"rendered":"\n<p>Ferienwohnung\/Ferienhaus im Leipziger S\u00fcden bestehend aus EG und OG,<\/p>\n\n\n\n<p>Wohnfl\u00e4che ca. 90m\u00b2 f\u00fcr bis zu 6 Personen,<\/p>\n\n\n\n<p>die Wohnung wurde im Mai 2016 neu und aufwendig renoviert,<\/p>\n\n\n\n<p>Nichtraucher (Rauchen ist auf der Terrasse oder im Garten m\u00f6glich),<\/p>\n\n\n\n<p>es gibt 2 Schlafzimmer mit je 2 Schlafpl\u00e4tzen (1x Doppelbett 1,80 m x 2,00 m und 1x zwei Einzelbetten je 0,9 m x 2,00 m als Doppelbett stellbar),<\/p>\n\n\n\n<p>im Wohnzimmer ist\u00a0noch\u00a0ein weiterer Schlafplatz (Sofa ausziehbar, Breite 1,60 m) m\u00f6glich,<\/p>\n\n\n\n<p>zus\u00e4tzlich ist noch ein G\u00e4stebett stellbar, max. Belegung mit 6 Personen,<\/p>\n\n\n\n<p>die Ferienwohnung ist voll ausgestattet mit K\u00fcche (Geschirrsp\u00fcler, Herd, Mikrowelle usw.), Bad mit Dusche und Wanne, G\u00e4ste-WC, 2 Schlafzimmer, Wohnzimmer und Esszimmer mit je einem Fernseher,<\/p>\n\n\n\n<p>es sind auch ein Waschtrockner und ein B\u00fcgeleisen vorhanden,<\/p>\n\n\n\n<p>Terrasse und Vorgarten mit Tisch und St\u00fchlen sowie einem Grill,<\/p>\n\n\n\n<p>PKW-Stellpl\u00e4tze befinden sich auf dem Grundst\u00fcck und Fahrr\u00e4der k\u00f6nnen auch untergestellt werden,<\/p>\n\n\n\n<p>ruhige Lage am Ende einer Siedlungsstra\u00dfe,<\/p>\n\n\n\n<p>ein gro\u00dfer Park beginnt direkt am Haus,<\/p>\n\n\n\n<p>zur Stra\u00dfenbahn sind es 5 min Fu\u00dfweg,<\/p>\n\n\n\n<p>die Innenstadt ist in 10 min mit der Stra\u00dfenbahn bzw. Auto erreichbar,<\/p>\n\n\n\n<p>die Leipziger Seenlandschaft ist in 5-10 min mit dem Auto bzw. in 20 min mit dem Fahrrad erreichbar,<\/p>\n\n\n\n<p>Einkaufsm\u00f6glichkeiten (kleines Einkaufszentrum mit vielen L\u00e4den) befinden sich in der N\u00e4he ca. 7 min Fu\u00dfweg,<\/p>\n\n\n\n<p>Gastst\u00e4tten befinden sich in der N\u00e4he ca. 5 min Fu\u00dfweg,<\/p>\n\n\n\n<p>Ferienwohnung ist f\u00fcr Personen mit Gehbehinderung nicht geeignet, Treppe ohne Gel\u00e4nder mit 3 Stufen (rauer Beton) am Hauseingang und Treppe (lackierte Holzstufen) vom EG ins OG mit Gel\u00e4nder<\/p>\n","protected":false},"excerpt":{"rendered":"<p>Ferienwohnung\/Ferienhaus im Leipziger S\u00fcden bestehend aus EG und OG, Wohnfl\u00e4che ca. 90m\u00b2 f\u00fcr bis zu 6 Personen, die Wohnung wurde im Mai 2016 neu und aufwendig renoviert, Nichtraucher (Rauchen ist [&hellip;]<\/p>\n","protected":false},"author":1,"featured_media":0,"parent":0,"menu_order":0,"comment_status":"closed","ping_status":"closed","template":"","meta":{"footnotes":""},"class_list":["post-52","page","type-page","status-publish","hentry"],"_links":{"self":[{"href":"https:\/\/villa-le.de\/index.php?rest_route=\/wp\/v2\/pages\/52","targetHints":{"allow":["GET"]}}],"collection":[{"href":"https:\/\/villa-le.de\/index.php?rest_route=\/wp\/v2\/pages"}],"about":[{"href":"https:\/\/villa-le.de\/index.php?rest_route=\/wp\/v2\/types\/page"}],"author":[{"embeddable":true,"href":"https:\/\/villa-le.de\/index.php?rest_route=\/wp\/v2\/users\/1"}],"replies":[{"embeddable":true,"href":"https:\/\/villa-le.de\/index.php?rest_route=%2Fwp%2Fv2%2Fcomments&post=52"}],"version-history":[{"count":3,"href":"https:\/\/villa-le.de\/index.php?rest_route=\/wp\/v2\/pages\/52\/revisions"}],"predecessor-version":[{"id":62,"href":"https:\/\/villa-le.de\/index.php?rest_route=\/wp\/v2\/pages\/52\/revisions\/62"}],"wp:attachment":[{"href":"https:\/\/villa-le.de\/index.php?rest_route=%2Fwp%2Fv2%2Fmedia&parent=52"}],"curies":[{"name":"wp","href":"https:\/\/api.w.org\/{rel}","templated":true}]}}