{"id":76,"date":"2023-01-27T18:58:45","date_gmt":"2023-01-27T18:58:45","guid":{"rendered":"https:\/\/villa-le.de\/?page_id=76"},"modified":"2025-12-30T16:39:27","modified_gmt":"2025-12-30T16:39:27","slug":"preise-2023","status":"publish","type":"page","link":"https:\/\/villa-le.de\/?page_id=76","title":{"rendered":"Preise 2026"},"content":{"rendered":"\n<p>bis zu 2 Personen je Nacht : 100,00\u20ac*<\/p>\n\n\n\n<p>bis zu 2 Personen je Woche (7 N\u00e4chte): 600,00\u20ac<\/p>\n\n\n\n<p>bis zu 2 Personen je Monat (30 N\u00e4chte): 1.950,00\u20ac<\/p>\n\n\n\n<p>jede weitere Person je Nacht: 20,00\u20ac<\/p>\n\n\n\n<p>Kinder unter 2 Jahren ohne Berechnung<\/p>\n\n\n\n<p>kleine Haustiere auf Anfrage je Nacht: 20,00\u20ac<\/p>\n\n\n\n<p>In den Preisen sind Energiekosten, Endreinigung, Bettw\u00e4sche und Handt\u00fccher enthalten.<\/p>\n\n\n\n<p>* bei einem Mindestaufenthalt von 2 N\u00e4chten<\/p>\n\n\n\n<p>Zuz\u00fcglich der aktuellen Beherbergungssteuer in H\u00f6he von 5% der \u00dcbernachtungskosten (Steuerbefreiung gem\u00e4\u00df Beherbergungssteuersatzung)<\/p>\n\n\n\n<p>Wir freuen uns \u00fcber Ihre neuen Buchungen.<\/p>\n\n\n\n<p>Wir nehmen auch gern schon Reservierungen f\u00fcr die Folgejahre entgegen.<\/p>\n","protected":false},"excerpt":{"rendered":"<p>bis zu 2 Personen je Nacht : 100,00\u20ac* bis zu 2 Personen je Woche (7 N\u00e4chte): 600,00\u20ac bis zu 2 Personen je Monat (30 N\u00e4chte): 1.950,00\u20ac jede weitere Person je [&hellip;]<\/p>\n","protected":false},"author":1,"featured_media":0,"parent":0,"menu_order":0,"comment_status":"closed","ping_status":"closed","template":"","meta":{"footnotes":""},"class_list":["post-76","page","type-page","status-publish","hentry"],"_links":{"self":[{"href":"https:\/\/villa-le.de\/index.php?rest_route=\/wp\/v2\/pages\/76","targetHints":{"allow":["GET"]}}],"collection":[{"href":"https:\/\/villa-le.de\/index.php?rest_route=\/wp\/v2\/pages"}],"about":[{"href":"https:\/\/villa-le.de\/index.php?rest_route=\/wp\/v2\/types\/page"}],"author":[{"embeddable":true,"href":"https:\/\/villa-le.de\/index.php?rest_route=\/wp\/v2\/users\/1"}],"replies":[{"embeddable":true,"href":"https:\/\/villa-le.de\/index.php?rest_route=%2Fwp%2Fv2%2Fcomments&post=76"}],"version-history":[{"count":7,"href":"https:\/\/villa-le.de\/index.php?rest_route=\/wp\/v2\/pages\/76\/revisions"}],"predecessor-version":[{"id":366,"href":"https:\/\/villa-le.de\/index.php?rest_route=\/wp\/v2\/pages\/76\/revisions\/366"}],"wp:attachment":[{"href":"https:\/\/villa-le.de\/index.php?rest_route=%2Fwp%2Fv2%2Fmedia&parent=76"}],"curies":[{"name":"wp","href":"https:\/\/api.w.org\/{rel}","templated":true}]}}