{"id":90,"date":"2023-01-28T19:05:16","date_gmt":"2023-01-28T19:05:16","guid":{"rendered":"https:\/\/villa-le.de\/?page_id=90"},"modified":"2024-05-27T20:00:08","modified_gmt":"2024-05-27T20:00:08","slug":"tipps-gaestefuehrer-leipzig","status":"publish","type":"page","link":"https:\/\/villa-le.de\/?page_id=90","title":{"rendered":"Tipps\/G\u00e4stef\u00fchrer Leipzig"},"content":{"rendered":"\n<p><strong>Die besten Tipps f\u00fcr Leipzig sind im City Guide zu finden.<\/strong><\/p>\n\n\n\n<p><strong>Schauen Sie unter nachfolgendem Link:<\/strong><\/p>\n\n\n\n<p><a href=\"https:\/\/www.city-guide-leipzig.de\/#13297\">G\u00e4stefuehrer Leipzig (city-guide-leipzig.de)<\/a><\/p>\n\n\n\n<p><\/p>\n\n\n\n<p><a href=\"https:\/\/www.leipziginfo.de\/\">Stadtmagazin f\u00fcr Leipzig und die Region &#8211; LEIPZIGINFO.DE<\/a><\/p>\n","protected":false},"excerpt":{"rendered":"<p>Die besten Tipps f\u00fcr Leipzig sind im City Guide zu finden. Schauen Sie unter nachfolgendem Link: G\u00e4stefuehrer Leipzig (city-guide-leipzig.de) Stadtmagazin f\u00fcr Leipzig und die Region &#8211; LEIPZIGINFO.DE<\/p>\n","protected":false},"author":1,"featured_media":0,"parent":0,"menu_order":0,"comment_status":"closed","ping_status":"closed","template":"","meta":{"footnotes":""},"class_list":["post-90","page","type-page","status-publish","hentry"],"_links":{"self":[{"href":"https:\/\/villa-le.de\/index.php?rest_route=\/wp\/v2\/pages\/90","targetHints":{"allow":["GET"]}}],"collection":[{"href":"https:\/\/villa-le.de\/index.php?rest_route=\/wp\/v2\/pages"}],"about":[{"href":"https:\/\/villa-le.de\/index.php?rest_route=\/wp\/v2\/types\/page"}],"author":[{"embeddable":true,"href":"https:\/\/villa-le.de\/index.php?rest_route=\/wp\/v2\/users\/1"}],"replies":[{"embeddable":true,"href":"https:\/\/villa-le.de\/index.php?rest_route=%2Fwp%2Fv2%2Fcomments&post=90"}],"version-history":[{"count":4,"href":"https:\/\/villa-le.de\/index.php?rest_route=\/wp\/v2\/pages\/90\/revisions"}],"predecessor-version":[{"id":259,"href":"https:\/\/villa-le.de\/index.php?rest_route=\/wp\/v2\/pages\/90\/revisions\/259"}],"wp:attachment":[{"href":"https:\/\/villa-le.de\/index.php?rest_route=%2Fwp%2Fv2%2Fmedia&parent=90"}],"curies":[{"name":"wp","href":"https:\/\/api.w.org\/{rel}","templated":true}]}}